{"id":237,"date":"2023-03-29T18:37:18","date_gmt":"2023-03-29T16:37:18","guid":{"rendered":"https:\/\/steibinger-bergnest.de\/?page_id=237"},"modified":"2023-03-29T18:42:07","modified_gmt":"2023-03-29T16:42:07","slug":"anreise","status":"publish","type":"page","link":"https:\/\/steibinger-bergnest.de\/?page_id=237","title":{"rendered":"Anreise"},"content":{"rendered":"<div data-colibri-id=\"237-c1\" class=\"style-297 style-local-237-c1 position-relative\">\n  <!---->\n  <div data-colibri-component=\"section\" data-colibri-id=\"237-c2\" id=\"custom\" class=\"h-section h-section-global-spacing d-flex align-items-lg-center align-items-md-center align-items-center style-298 style-local-237-c2 position-relative\">\n    <!---->\n    <!---->\n    <div class=\"h-section-grid-container h-section-boxed-container\">\n      <!---->\n      <div data-colibri-id=\"237-c3\" class=\"h-row-container gutters-row-lg-2 gutters-row-md-2 gutters-row-0 gutters-row-v-lg-2 gutters-row-v-md-2 gutters-row-v-2 style-299 style-local-237-c3 position-relative\">\n        <!---->\n        <div class=\"h-row justify-content-lg-center justify-content-md-center justify-content-center align-items-lg-stretch align-items-md-stretch align-items-stretch gutters-col-lg-2 gutters-col-md-2 gutters-col-0 gutters-col-v-lg-2 gutters-col-v-md-2 gutters-col-v-2\">\n          <!---->\n          <div class=\"h-column h-column-container d-flex h-col-lg-auto h-col-md-auto h-col-auto style-300-outer style-local-237-c4-outer\">\n            <div data-colibri-id=\"237-c4\" class=\"d-flex h-flex-basis h-column__inner h-px-lg-2 h-px-md-2 h-px-2 v-inner-lg-2 v-inner-md-2 v-inner-2 style-300 style-local-237-c4 position-relative\">\n              <!---->\n              <!---->\n              <div class=\"w-100 h-y-container h-column__content h-column__v-align flex-basis-100 align-self-lg-start align-self-md-start align-self-start\">\n                <!---->\n                <div data-colibri-id=\"237-c5\" class=\"h-text h-text-component style-301 style-local-237-c5 position-relative h-element\">\n                  <!---->\n                  <!---->\n                  <div class=\"\">\n                    <p><strong>Vom Westen:<\/strong><\/p>\n                    <p>Lindau \u2013 Oberstaufen\/ Steibis, ca. 45 km \u2013 50 Minuten\n                      <br> Fahren Sie auf die A96 und nehmen nach 7Km die Ausfahrt 2 Sigmarszell. Biegen Sie rechts ab und folgen der Stra\u00dfe f\u00fcr 5Km. Biegen Sie links ab und folgen der Stra\u00dfe f\u00fcr 15Km. In Auers die 2.Ausfahrt des Kreisverkehres in Richtung\n                      Immenstadt und biegen nach 500m rechts ab. Folgen Sie der Stra\u00dfe 1Km und nehmen die 3.Ausfahrt des Kreisverkehres. Beim n\u00e4chsten Kreisverkehr nehmen Sie die 2. Ausfahrt Richtung Oberstaufen. Fahren Sie die Staufenerstra\u00dfe\/B308 f\u00fcr\n                      16Km und dann die Auffahrt Oberstaufen\/Steibis. In H\u00f6fen links nach Steibis abbiegen<\/p>\n                    <p><strong>Vom Norden:<\/strong><\/p>\n                    <p>Ulm- Oberstaufen\/ Steibis, ca. 135 Km \u2013 1,5 Stunden\n                      <br> Fahren Sie auf die B28 und biegen nach 12 Km auf die A7 Richtung Kempten\/Memmingen\/Lindau ab. Folgen Sie der Stra\u00dfe f\u00fcr 80 Km und nehmen danach die Ausfahrt 3-Waltenhofen in B19 Richtung Oberstdorf\/Immenstadt. Nach 14 Kmn wechseln\n                      Sie auf die B308 (2 km) \u2013 Jahnstra\u00dfe\/ B308 (350 m). Wechseln Sie danach auf die Staufenerstra\u00dfe\/ B308 und nehmen Sie nach 16 Km die Auffahrt Oberstaufen\/Aach- Steibis\/ Balderschwang und in H\u00f6fen biegen Sie links nach Steibis ab.<\/p>\n                    <p><strong>Vom S\u00fcden:&nbsp;<\/strong><\/p>\n                    <p>Dornbirn- Oberstaufen\/ Steibis, ca. 40 Km \u2013 40 Minuten\n                      <br> Starten Sie von der Stadtstra\u00dfe\/ B190 nach Norden in Richtung Europapassage. Nehmen Sie nach 3,5 Kilometer im Kreisverkehr die erste Ausfahrt (B200). Folgen Sie der Stra\u00dfe f\u00fcr 5 Kilometer und wechseln dann f\u00fcr 3 Kilometer auf Tobel\/L7\n                      und weiter auf Alberschwende\/B200 f\u00fcr 5 Kilometer. Biegen Sie links auf die Hittisauer Stra\u00dfe\/B205 ab. Folgen Sie dieser f\u00fcr 16 Kilometer Richtung Aach\/St2005. In H\u00f6fen\/OA 25 biegen Sie rechts nach Steibis ab.<\/p>\n                    <p><strong>Vom Osten:<\/strong><\/p>\n                    <p>M\u00fcnchen-Oberstaufen\/Steibis, 173 Km \u2013 2 Stunden\n                      <br> Fahren Sie auf die A96 Richtung Stuttgart\/A8\/Lindau. Nach 105 Km fahren Sie im Kreuz Memmingen auf die A7 Richtung F\u00fcssen\/Lindau. Nach 35 Km bei Ausfahrt 136 Dreieck Allg\u00e4u in A980 Richtung Lindau\/Oberstdorf\/B12. Bleiben Sie auf\n                      der Stra\u00dfe f\u00fcr 5 Km und nehmen danach die Ausfahrt 3-Waltenhofen in B19 Richtung Oberstdorf\/Immenstadt. Nach 14 Km wechseln Sie auf die B308 Jahnstra\u00dfe. Wechseln Sie dann auf die Staufenerstr.\/B308 und nehmen Sie nach 16 Km die Auffahrt\n                      Oberstaufen\/Aach-Steibis\/Balderschwang und in H\u00f6fen biegen Sie links nach Steibis ab.<\/p>\n                  <\/div>\n                <\/div>\n              <\/div>\n            <\/div>\n          <\/div>\n        <\/div>\n      <\/div>\n      <div data-colibri-id=\"237-c9\" class=\"h-row-container gutters-row-lg-2 gutters-row-md-2 gutters-row-0 gutters-row-v-lg-2 gutters-row-v-md-2 gutters-row-v-2 style-305 style-local-237-c9 position-relative\">\n        <!---->\n        <div class=\"h-row justify-content-lg-center justify-content-md-center justify-content-center align-items-lg-stretch align-items-md-stretch align-items-stretch gutters-col-lg-2 gutters-col-md-2 gutters-col-0 gutters-col-v-lg-2 gutters-col-v-md-2 gutters-col-v-2\">\n          <!---->\n          <div class=\"h-column h-column-container d-flex h-col-lg-auto h-col-md-auto h-col-auto style-306-outer style-local-237-c10-outer\">\n            <div data-colibri-id=\"237-c10\" class=\"d-flex h-flex-basis h-column__inner h-ui-empty-state-container h-px-lg-2 h-px-md-2 h-px-2 v-inner-lg-2 v-inner-md-2 v-inner-2 style-306 style-local-237-c10 position-relative\">\n              <!---->\n              <!---->\n              <div class=\"w-100 h-y-container h-column__content h-column__v-align flex-basis-100\">\n                <!---->\n              <\/div>\n            <\/div>\n          <\/div>\n        <\/div>\n      <\/div>\n    <\/div>\n  <\/div>\n<\/div>","protected":false},"excerpt":{"rendered":"<p>Vom Westen: Lindau \u2013 Oberstaufen\/ Steibis, ca. 45 km \u2013 50 Minuten Fahren Sie auf die A96 und nehmen nach 7Km die Ausfahrt 2 Sigmarszell. Biegen Sie rechts ab und folgen der Stra\u00dfe f\u00fcr 5Km. Biegen Sie links ab und folgen der Stra\u00dfe f\u00fcr 15Km. In Auers die 2.Ausfahrt des Kreisverkehres in Richtung Immenstadt und [&hellip;]<\/p>\n","protected":false},"author":1,"featured_media":0,"parent":0,"menu_order":0,"comment_status":"closed","ping_status":"closed","template":"page-templates\/full-width-page.php","meta":{"footnotes":""},"class_list":["post-237","page","type-page","status-publish","hentry"],"yoast_head":"<!-- This site is optimized with the Yoast SEO plugin v24.8.1 - https:\/\/yoast.com\/wordpress\/plugins\/seo\/ -->\n<title>Anreise - Ferienwohnung Steibinger Bergnest<\/title>\n<meta name=\"robots\" content=\"index, follow, max-snippet:-1, max-image-preview:large, max-video-preview:-1\" \/>\n<link rel=\"canonical\" href=\"https:\/\/steibinger-bergnest.de\/?page_id=237\" \/>\n<meta property=\"og:locale\" content=\"de_DE\" \/>\n<meta property=\"og:type\" content=\"article\" \/>\n<meta property=\"og:title\" content=\"Anreise - Ferienwohnung Steibinger Bergnest\" \/>\n<meta property=\"og:description\" content=\"Vom Westen: Lindau \u2013 Oberstaufen\/ Steibis, ca. 45 km \u2013 50 Minuten Fahren Sie auf die A96 und nehmen nach 7Km die Ausfahrt 2 Sigmarszell. Biegen Sie rechts ab und folgen der Stra\u00dfe f\u00fcr 5Km. Biegen Sie links ab und folgen der Stra\u00dfe f\u00fcr 15Km. In Auers die 2.Ausfahrt des Kreisverkehres in Richtung Immenstadt und [&hellip;]\" \/>\n<meta property=\"og:url\" content=\"https:\/\/steibinger-bergnest.de\/?page_id=237\" \/>\n<meta property=\"og:site_name\" content=\"Ferienwohnung Steibinger Bergnest\" \/>\n<meta property=\"article:modified_time\" content=\"2023-03-29T16:42:07+00:00\" \/>\n<meta property=\"og:image\" content=\"https:\/\/steibinger-bergnest.de\/wp-content\/uploads\/2024\/10\/cropped-cropped-Logo-Berngst-OHNE-Hintergund.png\" \/>\n\t<meta property=\"og:image:width\" content=\"1247\" \/>\n\t<meta property=\"og:image:height\" content=\"1247\" \/>\n\t<meta property=\"og:image:type\" content=\"image\/png\" \/>\n<meta name=\"twitter:card\" content=\"summary_large_image\" \/>\n<meta name=\"twitter:label1\" content=\"Gesch\u00e4tzte Lesezeit\" \/>\n\t<meta name=\"twitter:data1\" content=\"2\u00a0Minuten\" \/>\n<script type=\"application\/ld+json\" class=\"yoast-schema-graph\">{\"@context\":\"https:\/\/schema.org\",\"@graph\":[{\"@type\":\"WebPage\",\"@id\":\"https:\/\/steibinger-bergnest.de\/?page_id=237\",\"url\":\"https:\/\/steibinger-bergnest.de\/?page_id=237\",\"name\":\"Anreise - Ferienwohnung Steibinger Bergnest\",\"isPartOf\":{\"@id\":\"https:\/\/steibinger-bergnest.de\/#website\"},\"datePublished\":\"2023-03-29T16:37:18+00:00\",\"dateModified\":\"2023-03-29T16:42:07+00:00\",\"breadcrumb\":{\"@id\":\"https:\/\/steibinger-bergnest.de\/?page_id=237#breadcrumb\"},\"inLanguage\":\"de\",\"potentialAction\":[{\"@type\":\"ReadAction\",\"target\":[\"https:\/\/steibinger-bergnest.de\/?page_id=237\"]}]},{\"@type\":\"BreadcrumbList\",\"@id\":\"https:\/\/steibinger-bergnest.de\/?page_id=237#breadcrumb\",\"itemListElement\":[{\"@type\":\"ListItem\",\"position\":1,\"name\":\"Startseite\",\"item\":\"https:\/\/steibinger-bergnest.de\/\"},{\"@type\":\"ListItem\",\"position\":2,\"name\":\"Anreise\"}]},{\"@type\":\"WebSite\",\"@id\":\"https:\/\/steibinger-bergnest.de\/#website\",\"url\":\"https:\/\/steibinger-bergnest.de\/\",\"name\":\"Ferienwohnung Steibinger Bergnest\",\"description\":\"Traumhafte Ferienwohnung in einem 300 Jahre alten Bauernhaus in Steibis. Oberstaufen Plus: Freie Fahrt mit Bergbahnen, Skipass, Erlebnisbad, Minigolf und mehr!\",\"publisher\":{\"@id\":\"https:\/\/steibinger-bergnest.de\/#organization\"},\"potentialAction\":[{\"@type\":\"SearchAction\",\"target\":{\"@type\":\"EntryPoint\",\"urlTemplate\":\"https:\/\/steibinger-bergnest.de\/?s={search_term_string}\"},\"query-input\":{\"@type\":\"PropertyValueSpecification\",\"valueRequired\":true,\"valueName\":\"search_term_string\"}}],\"inLanguage\":\"de\"},{\"@type\":\"Organization\",\"@id\":\"https:\/\/steibinger-bergnest.de\/#organization\",\"name\":\"Ferienwohnung Steibinger Bergnest\",\"url\":\"https:\/\/steibinger-bergnest.de\/\",\"logo\":{\"@type\":\"ImageObject\",\"inLanguage\":\"de\",\"@id\":\"https:\/\/steibinger-bergnest.de\/#\/schema\/logo\/image\/\",\"url\":\"https:\/\/steibinger-bergnest.de\/wp-content\/uploads\/2024\/10\/Logo-Berngst-OHNE-Hintergund.png\",\"contentUrl\":\"https:\/\/steibinger-bergnest.de\/wp-content\/uploads\/2024\/10\/Logo-Berngst-OHNE-Hintergund.png\",\"width\":1414,\"height\":1247,\"caption\":\"Ferienwohnung Steibinger Bergnest\"},\"image\":{\"@id\":\"https:\/\/steibinger-bergnest.de\/#\/schema\/logo\/image\/\"}}]}<\/script>\n<!-- \/ Yoast SEO plugin. -->","yoast_head_json":{"title":"Anreise - Ferienwohnung Steibinger Bergnest","robots":{"index":"index","follow":"follow","max-snippet":"max-snippet:-1","max-image-preview":"max-image-preview:large","max-video-preview":"max-video-preview:-1"},"canonical":"https:\/\/steibinger-bergnest.de\/?page_id=237","og_locale":"de_DE","og_type":"article","og_title":"Anreise - Ferienwohnung Steibinger Bergnest","og_description":"Vom Westen: Lindau \u2013 Oberstaufen\/ Steibis, ca. 45 km \u2013 50 Minuten Fahren Sie auf die A96 und nehmen nach 7Km die Ausfahrt 2 Sigmarszell. Biegen Sie rechts ab und folgen der Stra\u00dfe f\u00fcr 5Km. Biegen Sie links ab und folgen der Stra\u00dfe f\u00fcr 15Km. In Auers die 2.Ausfahrt des Kreisverkehres in Richtung Immenstadt und [&hellip;]","og_url":"https:\/\/steibinger-bergnest.de\/?page_id=237","og_site_name":"Ferienwohnung Steibinger Bergnest","article_modified_time":"2023-03-29T16:42:07+00:00","og_image":[{"width":1247,"height":1247,"url":"https:\/\/steibinger-bergnest.de\/wp-content\/uploads\/2024\/10\/cropped-cropped-Logo-Berngst-OHNE-Hintergund.png","type":"image\/png"}],"twitter_card":"summary_large_image","twitter_misc":{"Gesch\u00e4tzte Lesezeit":"2\u00a0Minuten"},"schema":{"@context":"https:\/\/schema.org","@graph":[{"@type":"WebPage","@id":"https:\/\/steibinger-bergnest.de\/?page_id=237","url":"https:\/\/steibinger-bergnest.de\/?page_id=237","name":"Anreise - Ferienwohnung Steibinger Bergnest","isPartOf":{"@id":"https:\/\/steibinger-bergnest.de\/#website"},"datePublished":"2023-03-29T16:37:18+00:00","dateModified":"2023-03-29T16:42:07+00:00","breadcrumb":{"@id":"https:\/\/steibinger-bergnest.de\/?page_id=237#breadcrumb"},"inLanguage":"de","potentialAction":[{"@type":"ReadAction","target":["https:\/\/steibinger-bergnest.de\/?page_id=237"]}]},{"@type":"BreadcrumbList","@id":"https:\/\/steibinger-bergnest.de\/?page_id=237#breadcrumb","itemListElement":[{"@type":"ListItem","position":1,"name":"Startseite","item":"https:\/\/steibinger-bergnest.de\/"},{"@type":"ListItem","position":2,"name":"Anreise"}]},{"@type":"WebSite","@id":"https:\/\/steibinger-bergnest.de\/#website","url":"https:\/\/steibinger-bergnest.de\/","name":"Ferienwohnung Steibinger Bergnest","description":"Traumhafte Ferienwohnung in einem 300 Jahre alten Bauernhaus in Steibis. Oberstaufen Plus: Freie Fahrt mit Bergbahnen, Skipass, Erlebnisbad, Minigolf und mehr!","publisher":{"@id":"https:\/\/steibinger-bergnest.de\/#organization"},"potentialAction":[{"@type":"SearchAction","target":{"@type":"EntryPoint","urlTemplate":"https:\/\/steibinger-bergnest.de\/?s={search_term_string}"},"query-input":{"@type":"PropertyValueSpecification","valueRequired":true,"valueName":"search_term_string"}}],"inLanguage":"de"},{"@type":"Organization","@id":"https:\/\/steibinger-bergnest.de\/#organization","name":"Ferienwohnung Steibinger Bergnest","url":"https:\/\/steibinger-bergnest.de\/","logo":{"@type":"ImageObject","inLanguage":"de","@id":"https:\/\/steibinger-bergnest.de\/#\/schema\/logo\/image\/","url":"https:\/\/steibinger-bergnest.de\/wp-content\/uploads\/2024\/10\/Logo-Berngst-OHNE-Hintergund.png","contentUrl":"https:\/\/steibinger-bergnest.de\/wp-content\/uploads\/2024\/10\/Logo-Berngst-OHNE-Hintergund.png","width":1414,"height":1247,"caption":"Ferienwohnung Steibinger Bergnest"},"image":{"@id":"https:\/\/steibinger-bergnest.de\/#\/schema\/logo\/image\/"}}]}},"_links":{"self":[{"href":"https:\/\/steibinger-bergnest.de\/index.php?rest_route=\/wp\/v2\/pages\/237","targetHints":{"allow":["GET"]}}],"collection":[{"href":"https:\/\/steibinger-bergnest.de\/index.php?rest_route=\/wp\/v2\/pages"}],"about":[{"href":"https:\/\/steibinger-bergnest.de\/index.php?rest_route=\/wp\/v2\/types\/page"}],"author":[{"embeddable":true,"href":"https:\/\/steibinger-bergnest.de\/index.php?rest_route=\/wp\/v2\/users\/1"}],"replies":[{"embeddable":true,"href":"https:\/\/steibinger-bergnest.de\/index.php?rest_route=%2Fwp%2Fv2%2Fcomments&post=237"}],"version-history":[{"count":3,"href":"https:\/\/steibinger-bergnest.de\/index.php?rest_route=\/wp\/v2\/pages\/237\/revisions"}],"predecessor-version":[{"id":248,"href":"https:\/\/steibinger-bergnest.de\/index.php?rest_route=\/wp\/v2\/pages\/237\/revisions\/248"}],"wp:attachment":[{"href":"https:\/\/steibinger-bergnest.de\/index.php?rest_route=%2Fwp%2Fv2%2Fmedia&parent=237"}],"curies":[{"name":"wp","href":"https:\/\/api.w.org\/{rel}","templated":true}]}}